{"id":60,"date":"2024-08-05T12:16:04","date_gmt":"2024-08-05T12:16:04","guid":{"rendered":"https:\/\/startinantreprenoriatsocial.ro\/?page_id=60"},"modified":"2024-08-05T12:16:04","modified_gmt":"2024-08-05T12:16:04","slug":"indicatori-proiect","status":"publish","type":"page","link":"http:\/\/startinantreprenoriatsocial.ro\/index.php\/indicatori-proiect\/","title":{"rendered":"Indicatori proiect"},"content":{"rendered":"<p class=\"p1\"><b>Indicatori prestabiliti<\/b><\/p>\n<table class=\"t1\" cellspacing=\"0\" cellpadding=\"0\">\n<tbody>\n<tr>\n<td class=\"td1\" colspan=\"3\" valign=\"middle\">\n<p class=\"p2\"><b>Indicatori de realizare<\/b><\/p>\n<\/td>\n<\/tr>\n<tr>\n<td class=\"td2\" valign=\"middle\">\n<p class=\"p3\"><b>Cod<span class=\"Apple-converted-space\">\u00a0<\/span><\/b><\/p>\n<\/td>\n<td class=\"td3\" valign=\"middle\">\n<p class=\"p3\"><b>Denumire indicator<\/b><\/p>\n<\/td>\n<td class=\"td4\" valign=\"middle\">\n<p class=\"p3\"><b>Valoare<\/b><\/p>\n<\/td>\n<\/tr>\n<tr>\n<td class=\"td5\" valign=\"middle\">\n<p class=\"p4\">EECO01.<\/p>\n<\/td>\n<td class=\"td6\" valign=\"middle\">\n<p class=\"p5\"><b>Num\u0103rul total de participan\u021bi (num\u0103r de persoane)<\/b><\/p>\n<\/td>\n<td class=\"td7\" valign=\"middle\">\n<p class=\"p6\">140<\/p>\n<\/td>\n<\/tr>\n<tr>\n<td class=\"td2\" valign=\"middle\">\n<p class=\"p4\">EECO01.1<\/p>\n<\/td>\n<td class=\"td3\" valign=\"middle\">\n<p class=\"p5\"><b>Num\u0103rul total de participan\u021bi (Roma) (num\u0103r de persoane)<\/b><\/p>\n<\/td>\n<td class=\"td4\" valign=\"middle\">\n<p class=\"p6\">22<\/p>\n<\/td>\n<\/tr>\n<tr>\n<td class=\"td8\" valign=\"middle\">\n<p class=\"p4\">EECO19<\/p>\n<\/td>\n<td class=\"td9\" valign=\"middle\">\n<p class=\"p5\"><b>Num\u0103rul de micro\u00eentreprinderi \u0219i de \u00eentreprinderi mici \u0219i mijlocii care beneficiaz\u0103 de sprijin (inclusiv \u00eentreprinderi cooperatiste \u0219i \u00eentreprinderi sociale) (num\u0103r de \u00eentreprinderi)<\/b><\/p>\n<\/td>\n<td class=\"td10\" valign=\"middle\">\n<p class=\"p6\">35<\/p>\n<\/td>\n<\/tr>\n<\/tbody>\n<\/table>\n<table class=\"t1\" cellspacing=\"0\" cellpadding=\"0\">\n<tbody>\n<tr>\n<td class=\"td1\" colspan=\"3\" valign=\"middle\">\n<p class=\"p2\"><b>Indicatori de rezultat<\/b><\/p>\n<\/td>\n<\/tr>\n<tr>\n<td class=\"td11\" valign=\"middle\">\n<p class=\"p3\"><b>Cod<\/b><\/p>\n<\/td>\n<td class=\"td12\" valign=\"middle\">\n<p class=\"p3\"><b>Denumire indicator<\/b><\/p>\n<\/td>\n<td class=\"td4\" valign=\"middle\">\n<p class=\"p3\"><b>Valoare<\/b><\/p>\n<\/td>\n<\/tr>\n<tr>\n<td class=\"td13\" valign=\"middle\">\n<p class=\"p4\">EECR04<\/p>\n<\/td>\n<td class=\"td14\" valign=\"middle\">\n<p class=\"p5\"><b>Participan\u021bi care au un loc de munc\u0103, inclusiv care desf\u0103\u0219oar\u0103 o activitate independent\u0103, la \u00eencetarea calit\u0103\u021bii de participant (num\u0103r de persoane)<\/b><\/p>\n<\/td>\n<td class=\"td15\" valign=\"middle\">\n<p class=\"p6\">43<\/p>\n<\/td>\n<\/tr>\n<\/tbody>\n<\/table>\n","protected":false},"excerpt":{"rendered":"<p>Indicatori prestabiliti Indicatori de realizare Cod\u00a0 Denumire indicator Valoare EECO01. Num\u0103rul total de participan\u021bi (num\u0103r de persoane) 140 EECO01.1 Num\u0103rul total de participan\u021bi (Roma) (num\u0103r de persoane) 22 EECO19 Num\u0103rul de micro\u00eentreprinderi \u0219i de \u00eentreprinderi mici \u0219i mijlocii care beneficiaz\u0103 de sprijin (inclusiv \u00eentreprinderi cooperatiste \u0219i \u00eentreprinderi sociale) (num\u0103r de \u00eentreprinderi) 35 Indicatori de rezultat &hellip; <\/p>\n","protected":false},"author":1,"featured_media":0,"parent":0,"menu_order":0,"comment_status":"closed","ping_status":"closed","template":"","meta":{"footnotes":""},"class_list":["post-60","page","type-page","status-publish","hentry","grid-sizer"],"yoast_head":"<!-- This site is optimized with the Yoast SEO plugin v23.3 - https:\/\/yoast.com\/wordpress\/plugins\/seo\/ -->\n<title>Indicatori proiect - Proiect: Start \u00een Antreprenoriatul Social<\/title>\n<meta name=\"robots\" content=\"index, follow, max-snippet:-1, max-image-preview:large, max-video-preview:-1\" \/>\n<link rel=\"canonical\" href=\"https:\/\/startinantreprenoriatsocial.ro\/index.php\/indicatori-proiect\/\" \/>\n<meta property=\"og:locale\" content=\"ro_RO\" \/>\n<meta property=\"og:type\" content=\"article\" \/>\n<meta property=\"og:title\" content=\"Indicatori proiect - Proiect: Start \u00een Antreprenoriatul Social\" \/>\n<meta property=\"og:description\" content=\"Indicatori prestabiliti Indicatori de realizare Cod\u00a0 Denumire indicator Valoare EECO01. Num\u0103rul total de participan\u021bi (num\u0103r de persoane) 140 EECO01.1 Num\u0103rul total de participan\u021bi (Roma) (num\u0103r de persoane) 22 EECO19 Num\u0103rul de micro\u00eentreprinderi \u0219i de \u00eentreprinderi mici \u0219i mijlocii care beneficiaz\u0103 de sprijin (inclusiv \u00eentreprinderi cooperatiste \u0219i \u00eentreprinderi sociale) (num\u0103r de \u00eentreprinderi) 35 Indicatori de rezultat &hellip;\" \/>\n<meta property=\"og:url\" content=\"https:\/\/startinantreprenoriatsocial.ro\/index.php\/indicatori-proiect\/\" \/>\n<meta property=\"og:site_name\" content=\"Proiect: Start \u00een Antreprenoriatul Social\" \/>\n<meta property=\"article:publisher\" content=\"https:\/\/www.facebook.com\/StartInAntreprenoriatulSocial\" \/>\n<meta name=\"twitter:card\" content=\"summary_large_image\" \/>\n<script type=\"application\/ld+json\" class=\"yoast-schema-graph\">{\"@context\":\"https:\/\/schema.org\",\"@graph\":[{\"@type\":\"WebPage\",\"@id\":\"https:\/\/startinantreprenoriatsocial.ro\/index.php\/indicatori-proiect\/\",\"url\":\"https:\/\/startinantreprenoriatsocial.ro\/index.php\/indicatori-proiect\/\",\"name\":\"Indicatori proiect - Proiect: Start \u00een Antreprenoriatul Social\",\"isPartOf\":{\"@id\":\"https:\/\/startinantreprenoriatsocial.ro\/#website\"},\"datePublished\":\"2024-08-05T12:16:04+00:00\",\"dateModified\":\"2024-08-05T12:16:04+00:00\",\"breadcrumb\":{\"@id\":\"https:\/\/startinantreprenoriatsocial.ro\/index.php\/indicatori-proiect\/#breadcrumb\"},\"inLanguage\":\"ro-RO\",\"potentialAction\":[{\"@type\":\"ReadAction\",\"target\":[\"https:\/\/startinantreprenoriatsocial.ro\/index.php\/indicatori-proiect\/\"]}]},{\"@type\":\"BreadcrumbList\",\"@id\":\"https:\/\/startinantreprenoriatsocial.ro\/index.php\/indicatori-proiect\/#breadcrumb\",\"itemListElement\":[{\"@type\":\"ListItem\",\"position\":1,\"name\":\"Prima pagin\u0103\",\"item\":\"https:\/\/startinantreprenoriatsocial.ro\/\"},{\"@type\":\"ListItem\",\"position\":2,\"name\":\"Indicatori proiect\"}]},{\"@type\":\"WebSite\",\"@id\":\"https:\/\/startinantreprenoriatsocial.ro\/#website\",\"url\":\"https:\/\/startinantreprenoriatsocial.ro\/\",\"name\":\"Proiect: Start \u00een Antreprenoriatul Social\",\"description\":\"\",\"publisher\":{\"@id\":\"https:\/\/startinantreprenoriatsocial.ro\/#organization\"},\"potentialAction\":[{\"@type\":\"SearchAction\",\"target\":{\"@type\":\"EntryPoint\",\"urlTemplate\":\"https:\/\/startinantreprenoriatsocial.ro\/?s={search_term_string}\"},\"query-input\":\"required name=search_term_string\"}],\"inLanguage\":\"ro-RO\"},{\"@type\":\"Organization\",\"@id\":\"https:\/\/startinantreprenoriatsocial.ro\/#organization\",\"name\":\"Proiect: Start \u00een Antreprenoriatul Social\",\"url\":\"https:\/\/startinantreprenoriatsocial.ro\/\",\"logo\":{\"@type\":\"ImageObject\",\"inLanguage\":\"ro-RO\",\"@id\":\"https:\/\/startinantreprenoriatsocial.ro\/#\/schema\/logo\/image\/\",\"url\":\"https:\/\/startinantreprenoriatsocial.ro\/wp-content\/uploads\/2024\/08\/logostart.jpg\",\"contentUrl\":\"https:\/\/startinantreprenoriatsocial.ro\/wp-content\/uploads\/2024\/08\/logostart.jpg\",\"width\":851,\"height\":851,\"caption\":\"Proiect: Start \u00een Antreprenoriatul Social\"},\"image\":{\"@id\":\"https:\/\/startinantreprenoriatsocial.ro\/#\/schema\/logo\/image\/\"},\"sameAs\":[\"https:\/\/www.facebook.com\/StartInAntreprenoriatulSocial\",\"https:\/\/www.instagram.com\/startinantrepren\/\",\"https:\/\/www.youtube.com\/@StartnAntreprenoriatulSocial\",\"https:\/\/www.tiktok.com\/@startantreprenorsocial\"]}]}<\/script>\n<!-- \/ Yoast SEO plugin. -->","yoast_head_json":{"title":"Indicatori proiect - Proiect: Start \u00een Antreprenoriatul Social","robots":{"index":"index","follow":"follow","max-snippet":"max-snippet:-1","max-image-preview":"max-image-preview:large","max-video-preview":"max-video-preview:-1"},"canonical":"https:\/\/startinantreprenoriatsocial.ro\/index.php\/indicatori-proiect\/","og_locale":"ro_RO","og_type":"article","og_title":"Indicatori proiect - Proiect: Start \u00een Antreprenoriatul Social","og_description":"Indicatori prestabiliti Indicatori de realizare Cod\u00a0 Denumire indicator Valoare EECO01. Num\u0103rul total de participan\u021bi (num\u0103r de persoane) 140 EECO01.1 Num\u0103rul total de participan\u021bi (Roma) (num\u0103r de persoane) 22 EECO19 Num\u0103rul de micro\u00eentreprinderi \u0219i de \u00eentreprinderi mici \u0219i mijlocii care beneficiaz\u0103 de sprijin (inclusiv \u00eentreprinderi cooperatiste \u0219i \u00eentreprinderi sociale) (num\u0103r de \u00eentreprinderi) 35 Indicatori de rezultat &hellip;","og_url":"https:\/\/startinantreprenoriatsocial.ro\/index.php\/indicatori-proiect\/","og_site_name":"Proiect: Start \u00een Antreprenoriatul Social","article_publisher":"https:\/\/www.facebook.com\/StartInAntreprenoriatulSocial","twitter_card":"summary_large_image","schema":{"@context":"https:\/\/schema.org","@graph":[{"@type":"WebPage","@id":"https:\/\/startinantreprenoriatsocial.ro\/index.php\/indicatori-proiect\/","url":"https:\/\/startinantreprenoriatsocial.ro\/index.php\/indicatori-proiect\/","name":"Indicatori proiect - Proiect: Start \u00een Antreprenoriatul Social","isPartOf":{"@id":"https:\/\/startinantreprenoriatsocial.ro\/#website"},"datePublished":"2024-08-05T12:16:04+00:00","dateModified":"2024-08-05T12:16:04+00:00","breadcrumb":{"@id":"https:\/\/startinantreprenoriatsocial.ro\/index.php\/indicatori-proiect\/#breadcrumb"},"inLanguage":"ro-RO","potentialAction":[{"@type":"ReadAction","target":["https:\/\/startinantreprenoriatsocial.ro\/index.php\/indicatori-proiect\/"]}]},{"@type":"BreadcrumbList","@id":"https:\/\/startinantreprenoriatsocial.ro\/index.php\/indicatori-proiect\/#breadcrumb","itemListElement":[{"@type":"ListItem","position":1,"name":"Prima pagin\u0103","item":"https:\/\/startinantreprenoriatsocial.ro\/"},{"@type":"ListItem","position":2,"name":"Indicatori proiect"}]},{"@type":"WebSite","@id":"https:\/\/startinantreprenoriatsocial.ro\/#website","url":"https:\/\/startinantreprenoriatsocial.ro\/","name":"Proiect: Start \u00een Antreprenoriatul Social","description":"","publisher":{"@id":"https:\/\/startinantreprenoriatsocial.ro\/#organization"},"potentialAction":[{"@type":"SearchAction","target":{"@type":"EntryPoint","urlTemplate":"https:\/\/startinantreprenoriatsocial.ro\/?s={search_term_string}"},"query-input":"required name=search_term_string"}],"inLanguage":"ro-RO"},{"@type":"Organization","@id":"https:\/\/startinantreprenoriatsocial.ro\/#organization","name":"Proiect: Start \u00een Antreprenoriatul Social","url":"https:\/\/startinantreprenoriatsocial.ro\/","logo":{"@type":"ImageObject","inLanguage":"ro-RO","@id":"https:\/\/startinantreprenoriatsocial.ro\/#\/schema\/logo\/image\/","url":"https:\/\/startinantreprenoriatsocial.ro\/wp-content\/uploads\/2024\/08\/logostart.jpg","contentUrl":"https:\/\/startinantreprenoriatsocial.ro\/wp-content\/uploads\/2024\/08\/logostart.jpg","width":851,"height":851,"caption":"Proiect: Start \u00een Antreprenoriatul Social"},"image":{"@id":"https:\/\/startinantreprenoriatsocial.ro\/#\/schema\/logo\/image\/"},"sameAs":["https:\/\/www.facebook.com\/StartInAntreprenoriatulSocial","https:\/\/www.instagram.com\/startinantrepren\/","https:\/\/www.youtube.com\/@StartnAntreprenoriatulSocial","https:\/\/www.tiktok.com\/@startantreprenorsocial"]}]}},"_links":{"self":[{"href":"http:\/\/startinantreprenoriatsocial.ro\/index.php\/wp-json\/wp\/v2\/pages\/60","targetHints":{"allow":["GET"]}}],"collection":[{"href":"http:\/\/startinantreprenoriatsocial.ro\/index.php\/wp-json\/wp\/v2\/pages"}],"about":[{"href":"http:\/\/startinantreprenoriatsocial.ro\/index.php\/wp-json\/wp\/v2\/types\/page"}],"author":[{"embeddable":true,"href":"http:\/\/startinantreprenoriatsocial.ro\/index.php\/wp-json\/wp\/v2\/users\/1"}],"replies":[{"embeddable":true,"href":"http:\/\/startinantreprenoriatsocial.ro\/index.php\/wp-json\/wp\/v2\/comments?post=60"}],"version-history":[{"count":1,"href":"http:\/\/startinantreprenoriatsocial.ro\/index.php\/wp-json\/wp\/v2\/pages\/60\/revisions"}],"predecessor-version":[{"id":61,"href":"http:\/\/startinantreprenoriatsocial.ro\/index.php\/wp-json\/wp\/v2\/pages\/60\/revisions\/61"}],"wp:attachment":[{"href":"http:\/\/startinantreprenoriatsocial.ro\/index.php\/wp-json\/wp\/v2\/media?parent=60"}],"curies":[{"name":"wp","href":"https:\/\/api.w.org\/{rel}","templated":true}]}}